{"id":819,"date":"2020-10-19T19:40:46","date_gmt":"2020-10-19T19:40:46","guid":{"rendered":"http:\/\/fotografiezpodhala.pl\/?page_id=819"},"modified":"2020-10-19T20:15:33","modified_gmt":"2020-10-19T20:15:33","slug":"galeria-obiektow","status":"publish","type":"page","link":"http:\/\/fotografiezpodhala.pl\/?page_id=819","title":{"rendered":"Galeria obiekt\u00f3w"},"content":{"rendered":"<p>[et_pb_section fb_built=&#8221;1&#8243; _builder_version=&#8221;4.6.5&#8243; _module_preset=&#8221;default&#8221; background_image=&#8221;http:\/\/fotografiezpodhala.pl\/wp-content\/uploads\/2020\/10\/tlo6.jpg&#8221; module_alignment=&#8221;left&#8221; min_height=&#8221;644px&#8221; custom_padding=&#8221;206px|||||&#8221; bottom_divider_height=&#8221;233px&#8221; bottom_divider_repeat=&#8221;0x&#8221; animation_style=&#8221;fade&#8221; animation_duration=&#8221;1700ms&#8221; animation_delay=&#8221;200ms&#8221;][et_pb_row _builder_version=&#8221;4.6.5&#8243; _module_preset=&#8221;default&#8221;][et_pb_column type=&#8221;4_4&#8243; _builder_version=&#8221;4.6.5&#8243; _module_preset=&#8221;default&#8221;][et_pb_text _builder_version=&#8221;4.6.5&#8243; _module_preset=&#8221;default&#8221; header_font=&#8221;Yeseva One||||||||&#8221; header_font_size=&#8221;53px&#8221; header_2_font=&#8221;Yeseva One||||||||&#8221; min_height=&#8221;113px&#8221; animation_style=&#8221;fade&#8221; animation_duration=&#8221;1700ms&#8221; text_text_shadow_style=&#8221;preset2&#8243; text_text_shadow_horizontal_length=&#8221;0.14em&#8221; text_text_shadow_vertical_length=&#8221;0.26em&#8221; text_text_shadow_blur_strength=&#8221;0.37em&#8221; text_text_shadow_color=&#8221;#000000&#8243;]<\/p>\n<h1 style=\"text-align: center;\"><span style=\"color: #ffffff;\">Fotografie z Podhala<\/span><\/h1>\n<p>[\/et_pb_text][\/et_pb_column][\/et_pb_row][\/et_pb_section][et_pb_section fb_built=&#8221;1&#8243; _builder_version=&#8221;4.6.5&#8243; _module_preset=&#8221;default&#8221; background_color=&#8221;#000000&#8243; custom_margin=&#8221;0px||0px||false|false&#8221; custom_padding=&#8221;0px||33px||false|false&#8221;][et_pb_row _builder_version=&#8221;4.6.6&#8243; _module_preset=&#8221;default&#8221;][et_pb_column type=&#8221;4_4&#8243; _builder_version=&#8221;4.6.5&#8243; _module_preset=&#8221;default&#8221;][et_pb_text _builder_version=&#8221;4.6.5&#8243; _module_preset=&#8221;default&#8221; header_line_height=&#8221;1.2em&#8221; custom_margin=&#8221;||16px|||&#8221;]<\/p>\n<h1 style=\"text-align: center;\"><span style=\"color: #999999;\">Przyk\u0142adowe realizacje<br \/><\/span><\/h1>\n<p>[\/et_pb_text][\/et_pb_column][\/et_pb_row][et_pb_row use_custom_gutter=&#8221;on&#8221; gutter_width=&#8221;1&#8243; module_class=&#8221;two-col-grid&#8221; _builder_version=&#8221;4.6.6&#8243; _module_preset=&#8221;default&#8221; width=&#8221;100%&#8221; max_width=&#8221;100%&#8221; module_alignment=&#8221;center&#8221; custom_margin=&#8221;0px||0px||false|false&#8221;][et_pb_column type=&#8221;4_4&#8243; _builder_version=&#8221;4.6.6&#8243; _module_preset=&#8221;default&#8221;][et_pb_gallery gallery_ids=&#8221;829,830,831,832,833,834,835,836,837,838,839,840,841,842,843,844,845,846,847,848&#8243; posts_number=&#8221;100&#8243; _builder_version=&#8221;4.6.6&#8243; _module_preset=&#8221;default&#8221; text_orientation=&#8221;center&#8221; background_layout=&#8221;dark&#8221; width=&#8221;100%&#8221; max_width=&#8221;100%&#8221; module_alignment=&#8221;center&#8221; hover_enabled=&#8221;0&#8243; sticky_enabled=&#8221;0&#8243; show_title_and_caption=&#8221;off&#8221; show_pagination=&#8221;off&#8221;][\/et_pb_gallery][\/et_pb_column][\/et_pb_row][et_pb_row _builder_version=&#8221;4.6.6&#8243; _module_preset=&#8221;default&#8221;][et_pb_column _builder_version=&#8221;4.6.6&#8243; _module_preset=&#8221;default&#8221; type=&#8221;4_4&#8243;][et_pb_text _builder_version=&#8221;4.6.6&#8243; _module_preset=&#8221;default&#8221; hover_enabled=&#8221;0&#8243; sticky_enabled=&#8221;0&#8243;]<\/p>\n<h2 style=\"text-align: center;\"><span style=\"color: #808080;\">Polecam<\/span><\/h2>\n<p>[\/et_pb_text][\/et_pb_column][\/et_pb_row][et_pb_row _builder_version=&#8221;4.6.6&#8243; _module_preset=&#8221;default&#8221; column_structure=&#8221;1_3,1_3,1_3&#8243;][et_pb_column _builder_version=&#8221;4.6.6&#8243; _module_preset=&#8221;default&#8221; type=&#8221;1_3&#8243;][et_pb_text _builder_version=&#8221;4.6.6&#8243; _module_preset=&#8221;default&#8221; link_option_url_new_window=&#8221;on&#8221; link_option_url=&#8221;www.domkipodkuznia.pl&#8221; hover_enabled=&#8221;0&#8243; sticky_enabled=&#8221;0&#8243; header_2_line_height=&#8221;1.2em&#8221;]<\/p>\n<h2 style=\"text-align: center;\"><span style=\"color: #999999;\"><a href=\"http:\/\/domkipodkuznia.pl\/\" style=\"color: #999999;\">Wypoczynek <br \/>nad Jeziorem Czorszty\u0144skim:<\/a><\/span><\/h2>\n<h2 style=\"text-align: center;\"><span style=\"color: #999999;\"><a href=\"http:\/\/domkipodkuznia.pl\/\" style=\"color: #999999;\"><span style=\"color: #3366ff;\">www.domkipodkuznia.pl<\/span><\/a><\/span><\/h2>\n<p>[\/et_pb_text][\/et_pb_column][et_pb_column _builder_version=&#8221;4.6.6&#8243; _module_preset=&#8221;default&#8221; type=&#8221;1_3&#8243;][et_pb_text _builder_version=&#8221;4.6.6&#8243; _module_preset=&#8221;default&#8221; link_option_url_new_window=&#8221;on&#8221; link_option_url=&#8221;www.ecsPodhale.pl&#8221; hover_enabled=&#8221;0&#8243; sticky_enabled=&#8221;0&#8243; header_2_line_height=&#8221;1.2em&#8221;]<\/p>\n<h2 style=\"text-align: center;\"><span style=\"color: #999999;\"><a href=\"http:\/\/domkipodkuznia.pl\/\" style=\"color: #999999;\">Firma sprz\u0105taj\u0105ca apartamenty<br \/> i hotele:<\/a><\/span><\/h2>\n<h2 style=\"text-align: center;\"><span style=\"color: #999999;\"><a href=\"https:\/\/gorczanskiedomki.pl\/\" style=\"color: #999999;\"><span style=\"color: #3366ff;\">www.ecsPodhale.pl<\/span><\/a><\/span><\/h2>\n<p>[\/et_pb_text][\/et_pb_column][et_pb_column _builder_version=&#8221;4.6.6&#8243; _module_preset=&#8221;default&#8221; type=&#8221;1_3&#8243;][et_pb_text _builder_version=&#8221;4.6.6&#8243; _module_preset=&#8221;default&#8221; link_option_url_new_window=&#8221;on&#8221; link_option_url=&#8221;www.gorczanskiedomki.pl&#8221; hover_enabled=&#8221;0&#8243; sticky_enabled=&#8221;0&#8243; header_2_line_height=&#8221;1.2em&#8221;]<\/p>\n<h2 style=\"text-align: center;\"><span style=\"color: #999999;\"><a href=\"http:\/\/domkipodkuznia.pl\/\" style=\"color: #999999;\">Wypoczynek<br \/> u podn\u00f3\u017ca <br \/>Gorc\u00f3w:<\/a><\/span><\/h2>\n<h2 style=\"text-align: center;\"><span style=\"color: #999999;\"><a href=\"https:\/\/gorczanskiedomki.pl\/\" style=\"color: #999999;\"><span style=\"color: #3366ff;\">www.gorczanskiedomki.pl<\/span><\/a><\/span><\/h2>\n<p>[\/et_pb_text][\/et_pb_column][\/et_pb_row][\/et_pb_section][et_pb_section fb_built=&#8221;1&#8243; _builder_version=&#8221;4.6.6&#8243; _module_preset=&#8221;default&#8221; background_image=&#8221;http:\/\/fotografiezpodhala.pl\/wp-content\/uploads\/2020\/10\/2strony-internetowe.jpg&#8221; background_position=&#8221;top_center&#8221; custom_padding=&#8221;0px|||||&#8221;][et_pb_row _builder_version=&#8221;4.6.5&#8243; _module_preset=&#8221;default&#8221;][et_pb_column type=&#8221;4_4&#8243; _builder_version=&#8221;4.6.5&#8243; _module_preset=&#8221;default&#8221;][et_pb_text _builder_version=&#8221;4.6.5&#8243; _module_preset=&#8221;default&#8221; header_line_height=&#8221;1.2em&#8221; custom_margin=&#8221;||16px|||&#8221; header_text_shadow_style=&#8221;preset1&#8243; header_text_shadow_blur_strength=&#8221;0.34em&#8221; header_text_shadow_color=&#8221;#000000&#8243;]<\/p>\n<h1 style=\"text-align: center;\"><span style=\"color: #ffffff;\">Zapraszam do kontaktu<br \/> <\/span><\/h1>\n<p>[\/et_pb_text][et_pb_text _builder_version=&#8221;4.6.5&#8243; _module_preset=&#8221;default&#8221; text_font_size=&#8221;16px&#8221; text_text_shadow_style=&#8221;preset1&#8243; text_text_shadow_blur_strength=&#8221;0.39em&#8221; text_text_shadow_color=&#8221;#000000&#8243;]<\/p>\n<p style=\"text-align: center;\"><span style=\"color: #ffffff;\">\u00a9Arkadiusz Morawski 2020<br \/><\/span><span style=\"color: #ffffff;\">Tel. 606 318 648<\/span><br \/> <span style=\"color: #ffffff;\">Wszelkie prawa zastrze\u017cone! Kopiowanie, powielanie i wykorzystywanie zdj\u0119\u0107 bez zgody autora zabronione.<br \/><\/span><span style=\"color: #ffffff;\">Wszystkie zdj\u0119cia znajduj\u0105ce si\u0119 na tej stronie s\u0105 mojego autorstwa i podlegaj\u0105 ochronie prawem autorskim. <\/span><\/p>\n<p>[\/et_pb_text][\/et_pb_column][\/et_pb_row][\/et_pb_section]<\/p>\n","protected":false},"excerpt":{"rendered":"<p>Fotografie z PodhalaPrzyk\u0142adowe realizacjePolecam Wypoczynek nad Jeziorem Czorszty\u0144skim: www.domkipodkuznia.pl Firma sprz\u0105taj\u0105ca apartamenty i hotele: www.ecsPodhale.pl Wypoczynek u podn\u00f3\u017ca Gorc\u00f3w: www.gorczanskiedomki.plZapraszam do kontaktu \u00a9Arkadiusz Morawski 2020Tel. 606 318 648 Wszelkie prawa zastrze\u017cone! Kopiowanie, powielanie i wykorzystywanie zdj\u0119\u0107 bez zgody autora zabronione.Wszystkie zdj\u0119cia znajduj\u0105ce si\u0119 na tej stronie s\u0105 mojego autorstwa i podlegaj\u0105 ochronie prawem autorskim.<\/p>\n","protected":false},"author":1,"featured_media":0,"parent":94,"menu_order":0,"comment_status":"closed","ping_status":"closed","template":"","meta":{"_et_pb_use_builder":"on","_et_pb_old_content":"","_et_gb_content_width":""},"_links":{"self":[{"href":"http:\/\/fotografiezpodhala.pl\/index.php?rest_route=\/wp\/v2\/pages\/819"}],"collection":[{"href":"http:\/\/fotografiezpodhala.pl\/index.php?rest_route=\/wp\/v2\/pages"}],"about":[{"href":"http:\/\/fotografiezpodhala.pl\/index.php?rest_route=\/wp\/v2\/types\/page"}],"author":[{"embeddable":true,"href":"http:\/\/fotografiezpodhala.pl\/index.php?rest_route=\/wp\/v2\/users\/1"}],"replies":[{"embeddable":true,"href":"http:\/\/fotografiezpodhala.pl\/index.php?rest_route=%2Fwp%2Fv2%2Fcomments&post=819"}],"version-history":[{"count":9,"href":"http:\/\/fotografiezpodhala.pl\/index.php?rest_route=\/wp\/v2\/pages\/819\/revisions"}],"predecessor-version":[{"id":855,"href":"http:\/\/fotografiezpodhala.pl\/index.php?rest_route=\/wp\/v2\/pages\/819\/revisions\/855"}],"up":[{"embeddable":true,"href":"http:\/\/fotografiezpodhala.pl\/index.php?rest_route=\/wp\/v2\/pages\/94"}],"wp:attachment":[{"href":"http:\/\/fotografiezpodhala.pl\/index.php?rest_route=%2Fwp%2Fv2%2Fmedia&parent=819"}],"curies":[{"name":"wp","href":"https:\/\/api.w.org\/{rel}","templated":true}]}}